{"id":11652,"date":"2025-07-04T00:34:19","date_gmt":"2025-07-03T21:34:19","guid":{"rendered":"http:\/\/didemkurbandanismanlik.com\/?page_id=11652"},"modified":"2025-07-04T00:37:10","modified_gmt":"2025-07-03T21:37:10","slug":"hakkimda","status":"publish","type":"page","link":"https:\/\/didemkurbandanismanlik.com\/index.php\/hakkimda\/","title":{"rendered":"Hakk\u0131mda"},"content":{"rendered":"\t\t<div data-elementor-type=\"wp-page\" data-elementor-id=\"11652\" class=\"elementor elementor-11652\">\n\t\t\t\t\t\t<section class=\"elementor-section elementor-top-section elementor-element elementor-element-50d92519 elementor-section-boxed elementor-section-height-default elementor-section-height-default\" data-id=\"50d92519\" data-element_type=\"section\">\n\t\t\t\t\t\t<div class=\"elementor-container elementor-column-gap-default\">\n\t\t\t\t\t<div class=\"elementor-column elementor-col-50 elementor-top-column elementor-element elementor-element-529de83d\" data-id=\"529de83d\" data-element_type=\"column\">\n\t\t\t<div class=\"elementor-widget-wrap elementor-element-populated\">\n\t\t\t\t\t\t<section class=\"elementor-section elementor-inner-section elementor-element elementor-element-6a62c1c2 elementor-section-boxed elementor-section-height-default elementor-section-height-default\" data-id=\"6a62c1c2\" data-element_type=\"section\">\n\t\t\t\t\t\t<div class=\"elementor-container elementor-column-gap-default\">\n\t\t\t\t\t<div class=\"elementor-column elementor-col-100 elementor-inner-column elementor-element elementor-element-5e93077e\" data-id=\"5e93077e\" data-element_type=\"column\">\n\t\t\t<div class=\"elementor-widget-wrap elementor-element-populated\">\n\t\t\t\t\t\t<div class=\"elementor-element elementor-element-5b12763 elementor-widget elementor-widget-text-editor\" data-id=\"5b12763\" data-element_type=\"widget\" data-widget_type=\"text-editor.default\">\n\t\t\t\t<div class=\"elementor-widget-container\">\n\t\t\t\t\t\t\t\t\t<p>Op. Dr. Didem Kurban, Ankara\u2019da do\u011fdu. Ankara Anadolu Lisesinde s\u00fcrd\u00fcrd\u00fc\u011f\u00fc orta ve lise \u00f6\u011frenimini birincilik derecesiyle tamamlad\u0131. 1998 y\u0131l\u0131nda Ankara \u00dcniversitesi T\u0131p Fak\u00fcltesinden dereceyle mezun oldu. TUS sonucuyla ilk 10\u2019a girdi ve Kad\u0131n Hastal\u0131klar\u0131 ve Do\u011fum bran\u015f\u0131 uzmanl\u0131\u011f\u0131n\u0131 1998-2003 y\u0131llar\u0131 aras\u0131nda Zekai Tahir Kad\u0131n Sa\u011fl\u0131\u011f\u0131 E\u011fitim ve Ara\u015ft\u0131rma Hastanesinde tamamlad\u0131.<\/p><p style=\"text-align: justify;\">2003-2007 y\u0131llar\u0131 aras\u0131nda \u00e7al\u0131\u015ft\u0131\u011f\u0131 Antakya Do\u011fumevinin ard\u0131ndan 4 y\u0131l boyunca Ankara\u2019daki \u00e7e\u015fitli \u00f6zel hastane ve kad\u0131n do\u011fum kliniklerinde g\u00f6rev alan Op. Dr. Didem Kurban, 2011-2016 y\u0131llar\u0131 aras\u0131nda, \u00f6nce \u00d6zel HRS Hastanesi, sonra Deren Klinik kurumlar\u0131n\u0131n \u00e7at\u0131s\u0131 alt\u0131nda \u00f6zellikle \u0130nfertilite- T\u00fcp Bebek, A\u011fr\u0131s\u0131z Normal Do\u011fum, Genital B\u00f6lge Esteti\u011fi ve Vajinismus Tedavisi \u00fczerine \u00e7al\u0131\u015fmalar yapt\u0131.<\/p><p style=\"text-align: justify;\">2016 y\u0131l\u0131nda, Vajinismus, cinsel tedaviler, cinsel haz-orgazm sorunlar\u0131, akupunktur ve genital estetik operasyonlar\u00fczerine uzmanla\u015fm\u0131\u015f olan Hera Kad\u0131n Sa\u011fl\u0131\u011f\u0131 Merkezinde g\u00f6rev almaya ba\u015flad\u0131 ve 4 y\u0131l boyunca bu klinikte \u00e7ok say\u0131da ba\u015far\u0131l\u0131 tedaviye imza att\u0131.<\/p>\t\t\t\t\t\t\t\t<\/div>\n\t\t\t\t<\/div>\n\t\t\t\t\t<\/div>\n\t\t<\/div>\n\t\t\t\t\t<\/div>\n\t\t<\/section>\n\t\t\t\t\t<\/div>\n\t\t<\/div>\n\t\t\t\t<div class=\"elementor-column elementor-col-50 elementor-top-column elementor-element elementor-element-29f7c334\" data-id=\"29f7c334\" data-element_type=\"column\">\n\t\t\t<div class=\"elementor-widget-wrap elementor-element-populated\">\n\t\t\t\t\t\t<div class=\"elementor-element elementor-element-4ee2fe8c arrow-top-left elementor-widget__width-auto elementor-widget elementor-widget-image\" data-id=\"4ee2fe8c\" data-element_type=\"widget\" data-widget_type=\"image.default\">\n\t\t\t\t<div class=\"elementor-widget-container\">\n\t\t\t\t\t\t\t\t\t\t\t\t\t\t\t<img fetchpriority=\"high\" decoding=\"async\" width=\"1080\" height=\"1080\" src=\"https:\/\/didemkurbandanismanlik.com\/wp-content\/uploads\/2025\/07\/didem-kurban.jpg\" class=\"attachment-full size-full wp-image-11654\" alt=\"\" srcset=\"https:\/\/didemkurbandanismanlik.com\/wp-content\/uploads\/2025\/07\/didem-kurban.jpg 1080w, https:\/\/didemkurbandanismanlik.com\/wp-content\/uploads\/2025\/07\/didem-kurban-300x300.jpg 300w, https:\/\/didemkurbandanismanlik.com\/wp-content\/uploads\/2025\/07\/didem-kurban-1024x1024.jpg 1024w, https:\/\/didemkurbandanismanlik.com\/wp-content\/uploads\/2025\/07\/didem-kurban-150x150.jpg 150w, https:\/\/didemkurbandanismanlik.com\/wp-content\/uploads\/2025\/07\/didem-kurban-768x768.jpg 768w\" sizes=\"(max-width: 1080px) 100vw, 1080px\" \/>\t\t\t\t\t\t\t\t\t\t\t\t\t\t\t<\/div>\n\t\t\t\t<\/div>\n\t\t\t\t\t<\/div>\n\t\t<\/div>\n\t\t\t\t\t<\/div>\n\t\t<\/section>\n\t\t\t\t<section class=\"elementor-section elementor-top-section elementor-element elementor-element-287f297 elementor-section-boxed elementor-section-height-default elementor-section-height-default\" data-id=\"287f297\" data-element_type=\"section\">\n\t\t\t\t\t\t<div class=\"elementor-container elementor-column-gap-default\">\n\t\t\t\t\t<div class=\"elementor-column elementor-col-100 elementor-top-column elementor-element elementor-element-353c628\" data-id=\"353c628\" data-element_type=\"column\">\n\t\t\t<div class=\"elementor-widget-wrap elementor-element-populated\">\n\t\t\t\t\t\t<div class=\"elementor-element elementor-element-03eaf5e elementor-widget elementor-widget-text-editor\" data-id=\"03eaf5e\" data-element_type=\"widget\" data-widget_type=\"text-editor.default\">\n\t\t\t\t<div class=\"elementor-widget-container\">\n\t\t\t\t\t\t\t\t\t<p style=\"text-align: justify;\">Farkl\u0131 kliniklerde ba\u015far\u0131yla y\u00fcr\u00fctt\u00fc\u011f\u00fc tedavilerden ve kat\u0131ld\u0131\u011f\u0131 \u00f6nemli etkinliklerden edindi\u011fi deneyim ve birikimle 2019 y\u0131l\u0131ndan itibaren \u00e7al\u0131\u015fmalar\u0131n\u0131 Tunus Caddesindeki kendi klini\u011finin \u00e7at\u0131s\u0131 alt\u0131nda s\u00fcrd\u00fcrmeye ba\u015flad\u0131.<\/p><p style=\"text-align: justify;\">Vajinismus sorunu ya\u015fayan dan\u0131\u015fanlar\u0131 \u00fczerinde cinsel terapi, bili\u015fsel davran\u0131\u015fsal terapiler ve alternatif t\u0131bbi tedavileri uygulayarak 3 g\u00fcn gibi k\u0131sa bir s\u00fcre i\u00e7inde say\u0131s\u0131z \u00e7ifti sa\u011fl\u0131kl\u0131 bir cinsel ya\u015fama kavu\u015fturan Op. Dr. Didem Kurban, Akupunktur alan\u0131ndaki uzmanl\u0131\u011f\u0131n\u0131 Vajinismus ve T\u00fcp Bebek Tedavilerine adapte etmekte, bat\u0131 ve do\u011fu t\u0131bb\u0131n\u0131 bir arada kullanarak alternatif ve tamamlay\u0131c\u0131 t\u0131p alan\u0131nda da ba\u015far\u0131l\u0131 \u00e7al\u0131\u015fmalar ger\u00e7ekle\u015ftirmektedir.<\/p><p style=\"text-align: justify;\">Vajinismus, cinsel isteksizlik, orgazm problemleri, a\u011fr\u0131l\u0131 cinsel ili\u015fki gibi kad\u0131n cinsel sa\u011fl\u0131\u011f\u0131 ile ili\u015fkili konular\u0131n yan\u0131 s\u0131ra, genital b\u00f6lge esteti\u011fi, labioplasti, klitoral hudoplasti, vajina daraltma gibi cerrahi; lazerle vajina daraltma, G noktas\u0131 b\u00fcy\u00fctme, lazerle genital renk a\u00e7ma, genital, vajina dudak dolgusu ve radyo frekans gibi cerrahi olmayan uygulamalar konusunda da ba\u015far\u0131 ve memnuniyet oran\u0131 olduk\u00e7a y\u00fcksek tedavilere imza atmaktad\u0131r.<\/p><p style=\"text-align: justify;\">Op. Dr. Didem Kurban, 2015 y\u0131l\u0131nda genital estetik operasyonlar ile ilgili olarak ECAMS (EuropeanCollege of AestheticMedicineandSurgery) taraf\u0131ndan verilen \u2018\u0130leri Kozmetik Vajinal Cerrahi\u2019 sertifikas\u0131 sahibi oldu.<\/p><p style=\"text-align: justify;\">2016 y\u0131l\u0131nda yine ECAMS (EuropeanCollege of AestheticMedicineandSurgery) taraf\u0131ndan verilen \u2018Cerrahi olmayan Kad\u0131n Genital Vajinal Estetik Y\u00f6ntemler Uygulama Sertifikas\u0131\u2019 almaya hak kazand\u0131.<br \/>2016 y\u0131l\u0131nda Avrupa Cinsel T\u0131p Derne\u011fi (EuropeanSocietyforSexualMedicine) ve Avrupa Seksoloji Federasyonu (EuropeanFederation of Sexology) taraf\u0131ndan ortakla\u015fa d\u00fczenlenen ve t\u00fcm d\u00fcnyada cinsel t\u0131p alan\u0131nda en prestijli s\u0131nav olarak kabul edilen \u201cboard\u201d s\u0131nav\u0131n\u0131 ba\u015far\u0131 ile ge\u00e7erek Avrupa Cinsel T\u0131p Komitesi onayl\u0131 Cinsel T\u0131p Uzman\u0131 (Fellow of EuropeanSociety of Sexology (FECSM) unvan\u0131n\u0131 almaya hak kazand\u0131.<\/p><p style=\"text-align: justify;\">Uygulad\u0131\u011f\u0131 yenilik\u00e7i tedavilerle alan\u0131nda fark yaratan ve g\u00f6sterdi\u011fi i\u00e7ten ve sevgi dolu yakla\u015f\u0131m\u0131yla mutlu hastalar\u0131na her ge\u00e7en g\u00fcn yenilerini ekleyen Op. Dr. Didem Kurban, 2016 y\u0131l\u0131nda kurulan Uluslararas\u0131 Estetik Genital Cerrahi ve Seksoloji Derne\u011finde (ISAGSS)) 2016-2020 y\u0131llar\u0131 aras\u0131 Ba\u015fkan Yard\u0131mc\u0131l\u0131\u011f\u0131 g\u00f6revini y\u00fcr\u00fctm\u00fc\u015ft\u00fcr.<br \/>Uluslararas\u0131 E\u011fitmen unvan\u0131yla kad\u0131n genital esteti\u011fi, kad\u0131n cinsel sa\u011fl\u0131\u011f\u0131 ve akupunktur tedavileri \u00fczerine edindi\u011fi deneyimleri, yurti\u00e7i ve yurtd\u0131\u015f\u0131nda d\u00fczenlenen kurs, kongre ve e\u011fitimlerde d\u00fcnyan\u0131n d\u00f6rt bir yan\u0131ndan gelen kat\u0131l\u0131mc\u0131lar\u0131 aktarmaktad\u0131r. \u0130leri d\u00fczeyde Almanca ve \u0130ngilizce bilen Op. Dr. Didem Kurban\u2019\u0131n bir\u00e7ok ulusal ve uluslararas\u0131 sayg\u0131n dergide yay\u0131n\u0131 ve ulusal medya kurulu\u015flar\u0131nda makale ve r\u00f6portajlar\u0131 yay\u0131nlanm\u0131\u015ft\u0131r.<\/p><p style=\"text-align: justify;\">2019 y\u0131l\u0131nda d\u00fczenlenen ve genital b\u00f6lge rekonstruktif- estetik operasyonlar ve seksoloji alanlar\u0131nda \u00e7al\u0131\u015fan ulusal ve uluslararas\u0131 pek \u00e7ok uzman isimle beraber multidisipliner yakla\u015f\u0131mlar\u0131n konu\u015fuldu\u011fu RAGGS \u2013 Uluslararas\u0131 Rekonstruktif \u2013 Estetik Genital Cerrahi &amp; Seksoloji Kongresinde Oturum Ba\u015fkan\u0131 olarak g\u00f6rev alm\u0131\u015ft\u0131r.<br \/>Filipinler,Avusturya,M\u0131s\u0131r,Hindistan gibi \u00fclkelerde uluslararas\u0131 kongrelerde davetli konu\u015fmac\u0131 ve genital estetik-seksoloji e\u011fitmeni olarak g\u00f6rev ald\u0131.<br \/>IASRM (International Association of Stemcell&amp;RegenerativeMedicine) derne\u011finin uluslararas\u0131 e\u011fitimlerinde akademik kadroda genital estetik ve vajinismus konular\u0131nda 2020-2022 aras\u0131nda e\u011fitmen olarak yer alm\u0131\u015ft\u0131r.<\/p><p style=\"text-align: justify;\">Uluslararas\u0131 Estetik Genital Cerrahi ve Seksoloji Derne\u011fi\u2019ni (International Society of Aesthetic Genital Surgery and Sexology- ISAGSS) derne\u011finin 2016-2020 aras\u0131nda y\u00f6netim kurulunda yer alm\u0131\u015ft\u0131r.<\/p><p style=\"text-align: justify;\">Vajinismus tedavisi ve genital estetik alan\u0131nda \u00e7ok say\u0131da yurti\u00e7i- yurtd\u0131\u015f\u0131 yay\u0131n\u0131 mevcuttur.<br \/>Cinsel T\u0131p ve Genital Estetik kitab\u0131nda 2 b\u00f6l\u00fcm yazarl\u0131\u011f\u0131 vard\u0131r.<br \/>2020 y\u0131l\u0131ndan itibaren Uluslararas\u0131 Rejeneratif T\u0131p derne\u011finin y\u00f6netim kurulunda yer almaktad\u0131r.<\/p><p style=\"text-align: justify;\">2 \u00e7ocuk annesi olan Op. Dr. Didem Kurban, yenilik\u00e7i ve b\u00fct\u00fcnc\u00fcl tedavi yakla\u015f\u0131mlar\u0131yla cinsel \u00f6zg\u00fcrl\u00fcklerine ve hayalini kurduklar\u0131 aileye kavu\u015fan \u00e7iftlerin ve kad\u0131nlar\u0131n mutluluklar\u0131ndan ald\u0131\u011f\u0131 enerjiyle \u00e7al\u0131\u015fmalar\u0131na yo\u011fun bir \u015fekilde devam etmektedir.<\/p><p><strong>Kat\u0131ld\u0131\u011f\u0131 Kurslar ve Ald\u0131\u011f\u0131 Sertifikalar<\/strong><\/p><p>2020 TheEuropean Academy of GynaecologicalSurgery (Avrupa Jinekolojik Cerrahi Akademisi) HYSTT (HysteroscopicSkills Training AndTesting) Method Kursu ve GESEA (GynaecologicalEndoscopicSurgicalEducationandAssessment) Program\u0131 Kat\u0131l\u0131m Sertifikas\u0131<br \/>2019 Sa\u011fl\u0131k Bakanl\u0131\u011f\u0131 Onayl\u0131 Mezoterapi Uzmanl\u0131\u011f\u0131 Sertifikas\u0131<br \/>2018 y\u0131l\u0131nda Avrupa Cinsel T\u0131p komitesinden fellow \u00fcnvan\u0131 alm\u0131\u015ft\u0131r.<br \/>2016 ECAMS (Avrupa Estetik T\u0131p ve Cerrahi Fak\u00fcltesi) Cerrahi Olmayan Vajinal Estetik Y\u00f6ntemler Uygulama Sertifikas\u0131<br \/>2015 ECAMS (Avrupa Estetik T\u0131p ve Cerrahi Fak\u00fcltesi) Kad\u0131n Genital Estetik Cerrahi Y\u00f6ntemler Uygulama Sertifikas\u0131<br \/>2016 NOG\u0130ER Kulak Akupunktur E\u011fitimi<br \/>2016 Robotik Cerrahi Kursu<br \/>2015 Akupunktur Uzmanl\u0131\u011f\u0131 Sertifikas\u0131 (Gazi \u00dcniversitesi T\u0131p Fak\u00fcltesi)<br \/>2013Laparoskopi Kursu (Gazi \u00dcniversitesi T\u0131p Fak\u00fcltesi)<br \/>2013 \u0130\u015fyeri Hekimli\u011fi Sertifikas\u0131<br \/>2012 T\u00fcp Bebek Sertifikas\u0131 (IVF-ICSI)<br \/>2011 Cinsel Dan\u0131\u015fmanl\u0131k ve Terapi Sertifikas\u0131<br \/>2010 Tek Embriyo Transfer Sikl\u00fcslerinde Ba\u015far\u0131y\u0131 Artt\u0131rma Stratejileri Kursu (Tarten)<br \/>2009Kolposkopi Kursu<br \/>2009 Temel Ultrasonografi Ve Jinekoloji Kursu<br \/>2006 \u00dcrojinekoloji Kursu<br \/>2006 Ovulasyon \u0130nd\u00fcksiyonu Kursu<br \/>2006 Hasta Haklar\u0131 Kursu<br \/>2005 Yenido\u011fan Canland\u0131rma Kursu (NRP) Sertifikas\u0131<br \/>2004 Fetal Ense Kal\u0131nl\u0131\u011f\u0131 \u00d6l\u00e7\u00fcm\u00fc (NT) Sertifikas\u0131<br \/>2003 Ultrasonografi Sertifikas\u0131<br \/>2003 Laparoskopi Sertifikas\u0131<br \/>2003 Minilaparotomi \u0130le T\u00fcp Ligasyonu Sertifikas\u0131<\/p><p>\u00a0<\/p>\t\t\t\t\t\t\t\t<\/div>\n\t\t\t\t<\/div>\n\t\t\t\t\t<\/div>\n\t\t<\/div>\n\t\t\t\t\t<\/div>\n\t\t<\/section>\n\t\t\t\t<\/div>\n\t\t","protected":false},"excerpt":{"rendered":"<p>Op. Dr. Didem Kurban, Ankara\u2019da do\u011fdu. Ankara Anadolu Lisesinde s\u00fcrd\u00fcrd\u00fc\u011f\u00fc orta ve lise \u00f6\u011frenimini birincilik derecesiyle tamamlad\u0131. 1998 y\u0131l\u0131nda Ankara [&hellip;]<\/p>\n","protected":false},"author":1,"featured_media":0,"parent":0,"menu_order":0,"comment_status":"closed","ping_status":"closed","template":"","meta":{"site-sidebar-layout":"no-sidebar","site-content-layout":"","ast-site-content-layout":"full-width-container","site-content-style":"default","site-sidebar-style":"default","ast-global-header-display":"","ast-banner-title-visibility":"","ast-main-header-display":"","ast-hfb-above-header-display":"","ast-hfb-below-header-display":"","ast-hfb-mobile-header-display":"","site-post-title":"disabled","ast-breadcrumbs-content":"","ast-featured-img":"disabled","footer-sml-layout":"","theme-transparent-header-meta":"default","adv-header-id-meta":"","stick-header-meta":"","header-above-stick-meta":"","header-main-stick-meta":"","header-below-stick-meta":"","astra-migrate-meta-layouts":"set","ast-page-background-enabled":"default","ast-page-background-meta":{"desktop":{"background-color":"var(--ast-global-color-5)","background-image":"","background-repeat":"repeat","background-position":"center center","background-size":"auto","background-attachment":"scroll","background-type":"","background-media":"","overlay-type":"","overlay-color":"","overlay-opacity":"","overlay-gradient":""},"tablet":{"background-color":"","background-image":"","background-repeat":"repeat","background-position":"center center","background-size":"auto","background-attachment":"scroll","background-type":"","background-media":"","overlay-type":"","overlay-color":"","overlay-opacity":"","overlay-gradient":""},"mobile":{"background-color":"","background-image":"","background-repeat":"repeat","background-position":"center center","background-size":"auto","background-attachment":"scroll","background-type":"","background-media":"","overlay-type":"","overlay-color":"","overlay-opacity":"","overlay-gradient":""}},"ast-content-background-meta":{"desktop":{"background-color":"var(--ast-global-color-4)","background-image":"","background-repeat":"repeat","background-position":"center center","background-size":"auto","background-attachment":"scroll","background-type":"","background-media":"","overlay-type":"","overlay-color":"","overlay-opacity":"","overlay-gradient":""},"tablet":{"background-color":"var(--ast-global-color-4)","background-image":"","background-repeat":"repeat","background-position":"center center","background-size":"auto","background-attachment":"scroll","background-type":"","background-media":"","overlay-type":"","overlay-color":"","overlay-opacity":"","overlay-gradient":""},"mobile":{"background-color":"var(--ast-global-color-4)","background-image":"","background-repeat":"repeat","background-position":"center center","background-size":"auto","background-attachment":"scroll","background-type":"","background-media":"","overlay-type":"","overlay-color":"","overlay-opacity":"","overlay-gradient":""}},"footnotes":""},"class_list":["post-11652","page","type-page","status-publish","hentry"],"_links":{"self":[{"href":"https:\/\/didemkurbandanismanlik.com\/index.php\/wp-json\/wp\/v2\/pages\/11652","targetHints":{"allow":["GET"]}}],"collection":[{"href":"https:\/\/didemkurbandanismanlik.com\/index.php\/wp-json\/wp\/v2\/pages"}],"about":[{"href":"https:\/\/didemkurbandanismanlik.com\/index.php\/wp-json\/wp\/v2\/types\/page"}],"author":[{"embeddable":true,"href":"https:\/\/didemkurbandanismanlik.com\/index.php\/wp-json\/wp\/v2\/users\/1"}],"replies":[{"embeddable":true,"href":"https:\/\/didemkurbandanismanlik.com\/index.php\/wp-json\/wp\/v2\/comments?post=11652"}],"version-history":[{"count":4,"href":"https:\/\/didemkurbandanismanlik.com\/index.php\/wp-json\/wp\/v2\/pages\/11652\/revisions"}],"predecessor-version":[{"id":11659,"href":"https:\/\/didemkurbandanismanlik.com\/index.php\/wp-json\/wp\/v2\/pages\/11652\/revisions\/11659"}],"wp:attachment":[{"href":"https:\/\/didemkurbandanismanlik.com\/index.php\/wp-json\/wp\/v2\/media?parent=11652"}],"curies":[{"name":"wp","href":"https:\/\/api.w.org\/{rel}","templated":true}]}}